{"id":3,"date":"2022-08-14T22:31:33","date_gmt":"2022-08-14T22:31:33","guid":{"rendered":"http:\/\/box2323\/cgi\/addon_GT.cgi?s=GT::WP::Install::EIG+%28norayrjo%29+-+10.24.48.85+%5BWordpress%3b+\/var\/hp\/common\/lib\/Wordpress.pm%3b+549%3b+Hosting::gap_call%5D\/?page_id=3"},"modified":"2024-12-24T14:34:47","modified_gmt":"2024-12-24T14:34:47","slug":"privacy-policy","status":"publish","type":"page","link":"https:\/\/norayrjola.com\/fi\/privacy-policy\/","title":{"rendered":"Tietosuojak\u00e4yt\u00e4nt\u00f6"},"content":{"rendered":"<div data-elementor-type=\"wp-page\" data-elementor-id=\"3\" class=\"elementor elementor-3\" data-elementor-post-type=\"page\">\n\t\t\t\t\t\t<section class=\"elementor-section elementor-top-section elementor-element elementor-element-575d83a2 elementor-section-boxed elementor-section-height-default elementor-section-height-default\" data-id=\"575d83a2\" data-element_type=\"section\" data-e-type=\"section\" data-settings=\"{&quot;background_background&quot;:&quot;classic&quot;}\">\n\t\t\t\t\t\t\t<div class=\"elementor-background-overlay\"><\/div>\n\t\t\t\t\t\t\t<div class=\"elementor-container elementor-column-gap-default\">\n\t\t\t\t\t<div class=\"elementor-column elementor-col-100 elementor-top-column elementor-element elementor-element-1f9bbcb0\" data-id=\"1f9bbcb0\" data-element_type=\"column\" data-e-type=\"column\">\n\t\t\t<div class=\"elementor-widget-wrap elementor-element-populated\">\n\t\t\t\t\t\t<section class=\"elementor-section elementor-inner-section elementor-element elementor-element-2fb22ed6 elementor-section-boxed elementor-section-height-default elementor-section-height-default\" data-id=\"2fb22ed6\" data-element_type=\"section\" data-e-type=\"section\">\n\t\t\t\t\t\t<div class=\"elementor-container elementor-column-gap-default\">\n\t\t\t\t\t<div class=\"elementor-column elementor-col-50 elementor-inner-column elementor-element elementor-element-7614526b\" data-id=\"7614526b\" data-element_type=\"column\" data-e-type=\"column\">\n\t\t\t<div class=\"elementor-widget-wrap elementor-element-populated\">\n\t\t\t\t\t\t<div class=\"elementor-element elementor-element-b40d9b5 elementor-invisible elementor-widget elementor-widget-heading\" data-id=\"b40d9b5\" data-element_type=\"widget\" data-e-type=\"widget\" data-settings=\"{&quot;_animation&quot;:&quot;fadeInRight&quot;,&quot;_animation_mobile&quot;:&quot;fadeInRight&quot;}\" data-widget_type=\"heading.default\">\n\t\t\t\t\t<h1 class=\"elementor-heading-title elementor-size-default\">Tietosuojak\u00e4yt\u00e4nt\u00f6<\/h1>\t\t\t\t<\/div>\n\t\t\t\t<div class=\"elementor-element elementor-element-2264452f elementor-widget elementor-widget-text-editor\" data-id=\"2264452f\" data-element_type=\"widget\" data-e-type=\"widget\" data-widget_type=\"text-editor.default\">\n\t\t\t\t\t\t\t\t\t<p>\u2013 Turvallisuutesi vuoksi<\/p>\t\t\t\t\t\t\t\t<\/div>\n\t\t\t\t\t<\/div>\n\t\t<\/div>\n\t\t\t\t<div class=\"elementor-column elementor-col-50 elementor-inner-column elementor-element elementor-element-50602e2a\" data-id=\"50602e2a\" data-element_type=\"column\" data-e-type=\"column\">\n\t\t\t<div class=\"elementor-widget-wrap\">\n\t\t\t\t\t\t\t<\/div>\n\t\t<\/div>\n\t\t\t\t\t<\/div>\n\t\t<\/section>\n\t\t\t\t\t<\/div>\n\t\t<\/div>\n\t\t\t\t\t<\/div>\n\t\t<\/section>\n\t\t<div class=\"elementor-element elementor-element-9cfe048 e-con-full e-flex e-con e-parent\" data-id=\"9cfe048\" data-element_type=\"container\" data-e-type=\"container\">\n\t\t\t\t<div class=\"elementor-element elementor-element-4cd27e0 elementor-widget__width-initial elementor-widget-mobile__width-inherit elementor-widget elementor-widget-heading\" data-id=\"4cd27e0\" data-element_type=\"widget\" data-e-type=\"widget\" data-widget_type=\"heading.default\">\n\t\t\t\t\t<h3 class=\"elementor-heading-title elementor-size-default\">TIETOJEN S\u00c4ILYTT\u00c4MINEN SEK\u00c4 OIKEUKSESI JA VALINTASI<\/h3>\t\t\t\t<\/div>\n\t\t\t\t<div class=\"elementor-element elementor-element-845f292 elementor-widget__width-initial elementor-widget-mobile__width-inherit elementor-widget elementor-widget-text-editor\" data-id=\"845f292\" data-element_type=\"widget\" data-e-type=\"widget\" data-widget_type=\"text-editor.default\">\n\t\t\t\t\t\t\t\t\t<p><strong>Tietojen s\u00e4ilytt\u00e4minen<\/strong><\/p>\n<p>S\u00e4ilyt\u00e4mme henkil\u00f6tietojasi niin kauan kuin on tarpeen niiden tarkoitusten toteuttamiseksi, joita varten ne on ker\u00e4tty, noudattaaksemme lakis\u00e4\u00e4teisi\u00e4 velvoitteita ja ratkaistaksemme riita-asioita. Kun tietoja ei en\u00e4\u00e4 tarvita, poistamme tai anonymisoimme ne turvallisesti.<\/p>\n<p><strong>Sinun oikeutesi ja valintasi<\/strong><\/p>\n<p>Sijainnistasi ja sovellettavista tietosuojalaeista riippuen sinulla voi olla seuraavat henkil\u00f6tietoihisi liittyv\u00e4t oikeudet:<\/p>\n<p><strong>P\u00e4\u00e4sy:<\/strong> Voit pyyt\u00e4\u00e4 p\u00e4\u00e4sy\u00e4 hallussamme oleviin henkil\u00f6tietoihin.<\/p>\n<p><strong>Korjaus:<\/strong> Voit pyyt\u00e4\u00e4 korjauksia kaikkiin virheellisiin tai puutteellisiin tietoihin.<\/p>\n<p><strong>Poisto:<\/strong> Voit pyyt\u00e4\u00e4 henkil\u00f6tietojesi poistamista tietyin poikkeuksin.<\/p>\n<p><strong>Markkinointiviestinn\u00e4n poistaminen:<\/strong> Voit kielt\u00e4yty\u00e4 vastaanottamasta markkinointiviestej\u00e4 napsauttamalla &quot;peru tilaus&quot; -linkki\u00e4 miss\u00e4 tahansa s\u00e4hk\u00f6postissa tai ottamalla meihin suoraan yhteytt\u00e4.<\/p>\n<p><strong>Tietojen siirrett\u00e4vyys:<\/strong> Voit pyyt\u00e4\u00e4 kopion henkil\u00f6tiedoistasi j\u00e4sennellyss\u00e4, yleisesti k\u00e4ytetyss\u00e4 muodossa. Jos haluat k\u00e4ytt\u00e4\u00e4 oikeuksiasi tai tiedustella henkil\u00f6tietojasi, ota meihin yhteytt\u00e4:\u00a0<\/p>\n<p>Nora Yrj\u00f6l\u00e4 Valmennus<\/p>\n<p>nora@norayrjola.com<\/p>\t\t\t\t\t\t\t\t<\/div>\n\t\t\t\t<\/div>\n\t\t<div class=\"elementor-element elementor-element-9e40261 e-con-full e-flex e-con e-parent\" data-id=\"9e40261\" data-element_type=\"container\" data-e-type=\"container\">\n\t\t\t\t<div class=\"elementor-element elementor-element-90781d1 elementor-widget__width-initial elementor-widget-mobile__width-inherit elementor-widget elementor-widget-heading\" data-id=\"90781d1\" data-element_type=\"widget\" data-e-type=\"widget\" data-widget_type=\"heading.default\">\n\t\t\t\t\t<h3 class=\"elementor-heading-title elementor-size-default\">KER\u00c4\u00c4MME TIEDOT<\/h3>\t\t\t\t<\/div>\n\t\t\t\t<div class=\"elementor-element elementor-element-b880b60 elementor-widget__width-initial elementor-widget-mobile__width-inherit elementor-widget elementor-widget-text-editor\" data-id=\"b880b60\" data-element_type=\"widget\" data-e-type=\"widget\" data-widget_type=\"text-editor.default\">\n\t\t\t\t\t\t\t\t\t<p>Ker\u00e4\u00e4mme henkil\u00f6tietoja, jotka annat meille suoraan, sek\u00e4 tietoja, jotka ker\u00e4t\u00e4\u00e4n automaattisesti, kun k\u00e4yt\u00e4t verkkosivustoamme.<\/p>\n<p><strong>Antamasi henkil\u00f6tiedot<\/strong><\/p>\n<p>Kun rekister\u00f6idyt valmennustilaisuuksiin, otat yhteytt\u00e4 tiedusteluihin tai tilaat uutiskirjeemme, saatamme ker\u00e4t\u00e4 seuraavat henkil\u00f6tiedot:<\/p>\n<p>Koko nimi, s\u00e4hk\u00f6postiosoite, puhelinnumero, maksutiedot (jos saatavilla), v\u00e4est\u00f6tiedot (esim. ik\u00e4, sijainti), kaikki muut vapaaehtoisesti antamasi tiedot<\/p>\n<p><strong>Tiedot ker\u00e4t\u00e4\u00e4n automaattisesti<\/strong><\/p>\n<p>Saatamme my\u00f6s ker\u00e4t\u00e4 ei-henkil\u00f6kohtaisia tietoja automaattisilla keinoilla, mukaan lukien:<\/p>\n<p>IP-osoite, Selaimen tyyppi ja versio, Laitteen tiedot, Sivuillamme vieraillut sivut, Sivuillamme vietetty aika, Viittaava verkkosivusto tai l\u00e4hde<\/p>\n<p>N\u00e4m\u00e4 tiedot ker\u00e4t\u00e4\u00e4n yleens\u00e4 ev\u00e4steiden, verkkoj\u00e4ljitteiden ja muiden seurantatekniikoiden avulla. Voit s\u00e4\u00e4t\u00e4\u00e4 selaimesi asetuksia kielt\u00e4m\u00e4\u00e4n ev\u00e4steet, mutta t\u00e4m\u00e4 voi vaikuttaa kykyysi k\u00e4ytt\u00e4\u00e4 tiettyj\u00e4 verkkosivustomme ominaisuuksia.<\/p>\t\t\t\t\t\t\t\t<\/div>\n\t\t\t\t<\/div>\n\t\t<div class=\"elementor-element elementor-element-bc961db e-con-full e-flex e-con e-parent\" data-id=\"bc961db\" data-element_type=\"container\" data-e-type=\"container\">\n\t\t\t\t<div class=\"elementor-element elementor-element-abd0680 elementor-widget__width-initial elementor-widget-mobile__width-inherit elementor-widget elementor-widget-heading\" data-id=\"abd0680\" data-element_type=\"widget\" data-e-type=\"widget\" data-widget_type=\"heading.default\">\n\t\t\t\t\t<h3 class=\"elementor-heading-title elementor-size-default\">MITEN K\u00c4YT\u00c4MME JA JAAMME TIETOJAMME<\/h3>\t\t\t\t<\/div>\n\t\t\t\t<div class=\"elementor-element elementor-element-3524b19 elementor-widget__width-initial elementor-widget-mobile__width-inherit elementor-widget elementor-widget-text-editor\" data-id=\"3524b19\" data-element_type=\"widget\" data-e-type=\"widget\" data-widget_type=\"text-editor.default\">\n\t\t\t\t\t\t\t\t\t<p><strong>Kuinka k\u00e4yt\u00e4mme tietojasi<\/strong><\/p>\n<p>K\u00e4yt\u00e4mme ker\u00e4\u00e4mi\u00e4mme tietoja seuraaviin tarkoituksiin:<\/p>\n<p>Tarjotaksemme ja parantaaksemme valmennuspalveluitamme<\/p>\n<p>Maksujen k\u00e4sittelyyn ja tilin hallintaan<\/p>\n<p>Kommunikoimaan kanssasi valmennustilaisuuksista, tiedusteluista ja p\u00e4ivityksist\u00e4<\/p>\n<p>markkinointi- ja myynninedist\u00e4mismateriaalin l\u00e4hett\u00e4miseen (jos olet valinnut t\u00e4llaisten viestien vastaanottamisen)<\/p>\n<p>Parantaaksemme sivustomme toimivuutta ja k\u00e4ytt\u00f6kokemusta<\/p>\n<p>Lakis\u00e4\u00e4teisten velvoitteiden noudattamiseksi<\/p>\n<p><strong>Kuinka jaamme tietosi<\/strong><\/p>\n<p>Kunnioitamme yksityisyytt\u00e4si emmek\u00e4 jaa henkil\u00f6tietojasi kolmansille osapuolille paitsi seuraavissa olosuhteissa:<\/p>\n<p><strong>Palveluntarjoajat:<\/strong> Saatamme jakaa tietosi ulkopuolisten palveluntarjoajien kanssa, jotka auttavat liiketoimintaamme (esim. maksujen k\u00e4sittelij\u00e4t, s\u00e4hk\u00f6postimarkkinointialustat). N\u00e4m\u00e4 palveluntarjoajat ovat sopimuksessa velvollisia suojaamaan tietojasi ja k\u00e4ytt\u00e4m\u00e4\u00e4n niit\u00e4 vain palvelujen suorittamiseen puolestamme.<\/p>\n<p><strong>Lainmukaisuus:<\/strong> Saatamme luovuttaa tietojasi noudattaaksemme lakis\u00e4\u00e4teisi\u00e4 velvoitteitamme, suojellaksemme oikeuksiamme tai vastataksemme viranomaisten laillisiin pyynt\u00f6ihin.<\/p>\n<p><strong>Liiketoiminnan siirrot:<\/strong> Liiketoimintamme sulautumisen, hankinnan tai myynnin yhteydess\u00e4 tietosi voidaan siirt\u00e4\u00e4 uudelle yhteis\u00f6lle.<\/p>\t\t\t\t\t\t\t\t<\/div>\n\t\t\t\t<\/div>\n\t\t<div class=\"elementor-element elementor-element-cc5223f e-con-full e-flex e-con e-parent\" data-id=\"cc5223f\" data-element_type=\"container\" data-e-type=\"container\">\n\t\t\t\t<div class=\"elementor-element elementor-element-cc45267 elementor-widget__width-initial elementor-widget-mobile__width-inherit elementor-widget elementor-widget-heading\" data-id=\"cc45267\" data-element_type=\"widget\" data-e-type=\"widget\" data-widget_type=\"heading.default\">\n\t\t\t\t\t<h3 class=\"elementor-heading-title elementor-size-default\">TIETOSI TURVALLISUUS<\/h3>\t\t\t\t<\/div>\n\t\t\t\t<div class=\"elementor-element elementor-element-ae6d1df elementor-widget__width-initial elementor-widget-mobile__width-inherit elementor-widget elementor-widget-text-editor\" data-id=\"ae6d1df\" data-element_type=\"widget\" data-e-type=\"widget\" data-widget_type=\"text-editor.default\">\n\t\t\t\t\t\t\t\t\t<p>Toteutamme kohtuulliset turvatoimenpiteet henkil\u00f6tietojesi suojaamiseksi luvattomalta k\u00e4yt\u00f6lt\u00e4, muuttamiselta tai paljastamiselta. Huomaa kuitenkin, ett\u00e4 mik\u00e4\u00e4n Internetin tai s\u00e4hk\u00f6isen tallennustavan l\u00e4hetystapa ei ole 100%-suojattu. Vaikka pyrimme suojaamaan tietosi, emme voi taata t\u00e4ydellist\u00e4 turvallisuutta.<\/p>\n<p><strong>Lasten yksityisyys<\/strong><\/p>\n<p>Emme tietoisesti ker\u00e4\u00e4 tai pyyd\u00e4 henkil\u00f6tietoja alle 18-vuotiailta lapsilta. Jos saamme tietoomme, ett\u00e4 alle 18-vuotias lapsi on antanut meille henkil\u00f6kohtaisia tietoja, ryhdymme toimenpiteisiin poistaaksemme t\u00e4llaiset tiedot rekisterist\u00e4mme.<\/p>\t\t\t\t\t\t\t\t<\/div>\n\t\t\t\t<\/div>\n\t\t<div class=\"elementor-element elementor-element-03a8596 e-con-full e-flex e-con e-parent\" data-id=\"03a8596\" data-element_type=\"container\" data-e-type=\"container\">\n\t\t\t\t<div class=\"elementor-element elementor-element-76b01b5 elementor-widget__width-initial elementor-widget-mobile__width-inherit elementor-widget elementor-widget-heading\" data-id=\"76b01b5\" data-element_type=\"widget\" data-e-type=\"widget\" data-widget_type=\"heading.default\">\n\t\t\t\t\t<h3 class=\"elementor-heading-title elementor-size-default\">KANSAINV\u00c4LISET SIIRROT JA MUUTOKSET TIETOSUOJAK\u00c4YT\u00c4NT\u00d6\u00d6N<\/h3>\t\t\t\t<\/div>\n\t\t\t\t<div class=\"elementor-element elementor-element-f5184d8 elementor-widget__width-initial elementor-widget-mobile__width-inherit elementor-widget elementor-widget-text-editor\" data-id=\"f5184d8\" data-element_type=\"widget\" data-e-type=\"widget\" data-widget_type=\"text-editor.default\">\n\t\t\t\t\t\t\t\t\t<p>Jos olet Suomen ulkopuolella ja k\u00e4yt\u00e4t palveluitamme, ota huomioon, ett\u00e4 tietojasi voidaan siirt\u00e4\u00e4, tallentaa ja k\u00e4sitell\u00e4 Suomeen. K\u00e4ytt\u00e4m\u00e4ll\u00e4 palveluitamme hyv\u00e4ksyt tietojesi siirron maihin, joissa tietosuojalait poikkeavat asuinmaastasi.<\/p>\n<p><strong>Muutokset t\u00e4h\u00e4n tietosuojak\u00e4yt\u00e4nt\u00f6\u00f6n<\/strong><\/p>\n<p>Saatamme p\u00e4ivitt\u00e4\u00e4 t\u00e4t\u00e4 tietosuojak\u00e4yt\u00e4nt\u00f6\u00e4 ajoittain vastaamaan k\u00e4yt\u00e4nt\u00f6jemme muutoksia tai muista toiminnallisista, oikeudellisista tai lains\u00e4\u00e4d\u00e4nn\u00f6llisist\u00e4 syist\u00e4. Ilmoitamme sinulle kaikista olennaisista muutoksista julkaisemalla p\u00e4ivitetyn k\u00e4yt\u00e4nn\u00f6n t\u00e4lle sivulle tarkistetulla \u201dVoimaantulop\u00e4iv\u00e4m\u00e4\u00e4r\u00e4ll\u00e4.<\/p>\n<p><strong>Ota yhteytt\u00e4<\/strong><\/p>\n<p>Jos sinulla on kysytt\u00e4v\u00e4\u00e4 t\u00e4st\u00e4 tietosuojak\u00e4yt\u00e4nn\u00f6st\u00e4 tai siit\u00e4, miten k\u00e4sittelemme henkil\u00f6tietojasi, ota meihin yhteytt\u00e4 osoitteessa:<\/p>\n<p>Nora Yrj\u00f6l\u00e4 Valmennus<br \/>Ratakatu 25, 00120 Helsinki<br \/>nora@norayrjola.com<br \/><br \/><\/p>\t\t\t\t\t\t\t\t<\/div>\n\t\t\t\t<\/div>\n\t\t\t\t<\/div>","protected":false},"excerpt":{"rendered":"<p>Privacy Policy \u2014 For your safety DATA RETENTION AND YOUR RIGHTS AND CHOICES Data Retention We retain your personal information for as long as necessary to fulfill the purposes for which it was collected, comply with legal obligations, and resolve disputes. Once the information is no longer needed, we will securely delete or anonymize it. [&hellip;]<\/p>\n","protected":false},"author":1,"featured_media":3919,"parent":0,"menu_order":0,"comment_status":"closed","ping_status":"open","template":"","meta":{"nf_dc_page":"","om_disable_all_campaigns":false,"_monsterinsights_skip_tracking":false,"_monsterinsights_sitenote_active":false,"_monsterinsights_sitenote_note":"","_monsterinsights_sitenote_category":0,"footnotes":""},"class_list":["post-3","page","type-page","status-publish","has-post-thumbnail","hentry"],"yoast_head":"<!-- This site is optimized with the Yoast SEO plugin v27.3 - https:\/\/yoast.com\/product\/yoast-seo-wordpress\/ -->\n<title>Privacy Policy - The Art of Living By Nora Yrj\u00f6l\u00e4<\/title>\n<meta name=\"robots\" content=\"index, follow, max-snippet:-1, max-image-preview:large, max-video-preview:-1\" \/>\n<link rel=\"canonical\" href=\"https:\/\/norayrjola.com\/fi\/privacy-policy\/\" \/>\n<meta property=\"og:locale\" content=\"fi_FI\" \/>\n<meta property=\"og:type\" content=\"article\" \/>\n<meta property=\"og:title\" content=\"Privacy Policy - The Art of Living By Nora Yrj\u00f6l\u00e4\" \/>\n<meta property=\"og:description\" content=\"Privacy Policy \u2014 For your safety DATA RETENTION AND YOUR RIGHTS AND CHOICES Data Retention We retain your personal information for as long as necessary to fulfill the purposes for which it was collected, comply with legal obligations, and resolve disputes. Once the information is no longer needed, we will securely delete or anonymize it. [&hellip;]\" \/>\n<meta property=\"og:url\" content=\"https:\/\/norayrjola.com\/fi\/privacy-policy\/\" \/>\n<meta property=\"og:site_name\" content=\"The Art of Living By Nora Yrj\u00f6l\u00e4\" \/>\n<meta property=\"article:modified_time\" content=\"2024-12-24T14:34:47+00:00\" \/>\n<meta property=\"og:image\" content=\"https:\/\/norayrjola.com\/wp-content\/uploads\/2024\/12\/pexels-jeshoots-238118.jpg\" \/>\n\t<meta property=\"og:image:width\" content=\"1\" \/>\n\t<meta property=\"og:image:height\" content=\"1\" \/>\n\t<meta property=\"og:image:type\" content=\"image\/jpeg\" \/>\n<meta name=\"twitter:card\" content=\"summary_large_image\" \/>\n<meta name=\"twitter:label1\" content=\"Arvioitu lukuaika\" \/>\n\t<meta name=\"twitter:data1\" content=\"4 minuuttia\" \/>\n<script type=\"application\/ld+json\" class=\"yoast-schema-graph\">{\"@context\":\"https:\\\/\\\/schema.org\",\"@graph\":[{\"@type\":\"WebPage\",\"@id\":\"https:\\\/\\\/norayrjola.com\\\/privacy-policy\\\/\",\"url\":\"https:\\\/\\\/norayrjola.com\\\/privacy-policy\\\/\",\"name\":\"Privacy Policy - The Art of Living By Nora Yrj\u00f6l\u00e4\",\"isPartOf\":{\"@id\":\"https:\\\/\\\/norayrjola.com\\\/#website\"},\"primaryImageOfPage\":{\"@id\":\"https:\\\/\\\/norayrjola.com\\\/privacy-policy\\\/#primaryimage\"},\"image\":{\"@id\":\"https:\\\/\\\/norayrjola.com\\\/privacy-policy\\\/#primaryimage\"},\"thumbnailUrl\":\"https:\\\/\\\/i0.wp.com\\\/norayrjola.com\\\/wp-content\\\/uploads\\\/2024\\\/12\\\/pexels-jeshoots-238118.jpg?fit=%2C&ssl=1\",\"datePublished\":\"2022-08-14T22:31:33+00:00\",\"dateModified\":\"2024-12-24T14:34:47+00:00\",\"breadcrumb\":{\"@id\":\"https:\\\/\\\/norayrjola.com\\\/privacy-policy\\\/#breadcrumb\"},\"inLanguage\":\"fi\",\"potentialAction\":[{\"@type\":\"ReadAction\",\"target\":[\"https:\\\/\\\/norayrjola.com\\\/privacy-policy\\\/\"]}]},{\"@type\":\"ImageObject\",\"inLanguage\":\"fi\",\"@id\":\"https:\\\/\\\/norayrjola.com\\\/privacy-policy\\\/#primaryimage\",\"url\":\"https:\\\/\\\/i0.wp.com\\\/norayrjola.com\\\/wp-content\\\/uploads\\\/2024\\\/12\\\/pexels-jeshoots-238118.jpg?fit=%2C&ssl=1\",\"contentUrl\":\"https:\\\/\\\/i0.wp.com\\\/norayrjola.com\\\/wp-content\\\/uploads\\\/2024\\\/12\\\/pexels-jeshoots-238118.jpg?fit=%2C&ssl=1\"},{\"@type\":\"BreadcrumbList\",\"@id\":\"https:\\\/\\\/norayrjola.com\\\/privacy-policy\\\/#breadcrumb\",\"itemListElement\":[{\"@type\":\"ListItem\",\"position\":1,\"name\":\"Home\",\"item\":\"https:\\\/\\\/norayrjola.com\\\/\"},{\"@type\":\"ListItem\",\"position\":2,\"name\":\"Privacy Policy\"}]},{\"@type\":\"WebSite\",\"@id\":\"https:\\\/\\\/norayrjola.com\\\/#website\",\"url\":\"https:\\\/\\\/norayrjola.com\\\/\",\"name\":\"The Art of Living By Nora Yrj\u00f6l\u00e4\",\"description\":\"Life Coaching\",\"publisher\":{\"@id\":\"https:\\\/\\\/norayrjola.com\\\/#\\\/schema\\\/person\\\/458a844671fb086e2cb10ed832a53aed\"},\"potentialAction\":[{\"@type\":\"SearchAction\",\"target\":{\"@type\":\"EntryPoint\",\"urlTemplate\":\"https:\\\/\\\/norayrjola.com\\\/?s={search_term_string}\"},\"query-input\":{\"@type\":\"PropertyValueSpecification\",\"valueRequired\":true,\"valueName\":\"search_term_string\"}}],\"inLanguage\":\"fi\"},{\"@type\":[\"Person\",\"Organization\"],\"@id\":\"https:\\\/\\\/norayrjola.com\\\/#\\\/schema\\\/person\\\/458a844671fb086e2cb10ed832a53aed\",\"name\":\"norayrjola\",\"image\":{\"@type\":\"ImageObject\",\"inLanguage\":\"fi\",\"@id\":\"https:\\\/\\\/i0.wp.com\\\/norayrjola.com\\\/wp-content\\\/uploads\\\/2022\\\/08\\\/yksi-1.jpg?fit=1653%2C2339&ssl=1\",\"url\":\"https:\\\/\\\/i0.wp.com\\\/norayrjola.com\\\/wp-content\\\/uploads\\\/2022\\\/08\\\/yksi-1.jpg?fit=1653%2C2339&ssl=1\",\"contentUrl\":\"https:\\\/\\\/i0.wp.com\\\/norayrjola.com\\\/wp-content\\\/uploads\\\/2022\\\/08\\\/yksi-1.jpg?fit=1653%2C2339&ssl=1\",\"width\":1653,\"height\":2339,\"caption\":\"norayrjola\"},\"logo\":{\"@id\":\"https:\\\/\\\/i0.wp.com\\\/norayrjola.com\\\/wp-content\\\/uploads\\\/2022\\\/08\\\/yksi-1.jpg?fit=1653%2C2339&ssl=1\"},\"sameAs\":[\"https:\\\/\\\/www.instagram.com\\\/norayrjola\\\/\",\"https:\\\/\\\/www.linkedin.com\\\/in\\\/nora-yrjl-33514221\\\/\"]}]}<\/script>\n<!-- \/ Yoast SEO plugin. -->","yoast_head_json":{"title":"Tietosuojak\u00e4yt\u00e4nt\u00f6 - El\u00e4m\u00e4n taito, kirjoittanut Nora Yrj\u00f6l\u00e4","robots":{"index":"index","follow":"follow","max-snippet":"max-snippet:-1","max-image-preview":"max-image-preview:large","max-video-preview":"max-video-preview:-1"},"canonical":"https:\/\/norayrjola.com\/fi\/privacy-policy\/","og_locale":"fi_FI","og_type":"article","og_title":"Privacy Policy - The Art of Living By Nora Yrj\u00f6l\u00e4","og_description":"Privacy Policy \u2014 For your safety DATA RETENTION AND YOUR RIGHTS AND CHOICES Data Retention We retain your personal information for as long as necessary to fulfill the purposes for which it was collected, comply with legal obligations, and resolve disputes. Once the information is no longer needed, we will securely delete or anonymize it. [&hellip;]","og_url":"https:\/\/norayrjola.com\/fi\/privacy-policy\/","og_site_name":"The Art of Living By Nora Yrj\u00f6l\u00e4","article_modified_time":"2024-12-24T14:34:47+00:00","og_image":[{"url":"https:\/\/norayrjola.com\/wp-content\/uploads\/2024\/12\/pexels-jeshoots-238118.jpg","width":1,"height":1,"type":"image\/jpeg"}],"twitter_card":"summary_large_image","twitter_misc":{"Arvioitu lukuaika":"4 minuuttia"},"schema":{"@context":"https:\/\/schema.org","@graph":[{"@type":"WebPage","@id":"https:\/\/norayrjola.com\/privacy-policy\/","url":"https:\/\/norayrjola.com\/privacy-policy\/","name":"Tietosuojak\u00e4yt\u00e4nt\u00f6 - El\u00e4m\u00e4n taito, kirjoittanut Nora Yrj\u00f6l\u00e4","isPartOf":{"@id":"https:\/\/norayrjola.com\/#website"},"primaryImageOfPage":{"@id":"https:\/\/norayrjola.com\/privacy-policy\/#primaryimage"},"image":{"@id":"https:\/\/norayrjola.com\/privacy-policy\/#primaryimage"},"thumbnailUrl":"https:\/\/i0.wp.com\/norayrjola.com\/wp-content\/uploads\/2024\/12\/pexels-jeshoots-238118.jpg?fit=%2C&ssl=1","datePublished":"2022-08-14T22:31:33+00:00","dateModified":"2024-12-24T14:34:47+00:00","breadcrumb":{"@id":"https:\/\/norayrjola.com\/privacy-policy\/#breadcrumb"},"inLanguage":"fi","potentialAction":[{"@type":"ReadAction","target":["https:\/\/norayrjola.com\/privacy-policy\/"]}]},{"@type":"ImageObject","inLanguage":"fi","@id":"https:\/\/norayrjola.com\/privacy-policy\/#primaryimage","url":"https:\/\/i0.wp.com\/norayrjola.com\/wp-content\/uploads\/2024\/12\/pexels-jeshoots-238118.jpg?fit=%2C&ssl=1","contentUrl":"https:\/\/i0.wp.com\/norayrjola.com\/wp-content\/uploads\/2024\/12\/pexels-jeshoots-238118.jpg?fit=%2C&ssl=1"},{"@type":"BreadcrumbList","@id":"https:\/\/norayrjola.com\/privacy-policy\/#breadcrumb","itemListElement":[{"@type":"ListItem","position":1,"name":"Home","item":"https:\/\/norayrjola.com\/"},{"@type":"ListItem","position":2,"name":"Privacy Policy"}]},{"@type":"WebSite","@id":"https:\/\/norayrjola.com\/#website","url":"https:\/\/norayrjola.com\/","name":"El\u00e4misen taito, Nora Yrj\u00f6l\u00e4","description":"Life Coaching","publisher":{"@id":"https:\/\/norayrjola.com\/#\/schema\/person\/458a844671fb086e2cb10ed832a53aed"},"potentialAction":[{"@type":"SearchAction","target":{"@type":"EntryPoint","urlTemplate":"https:\/\/norayrjola.com\/?s={search_term_string}"},"query-input":{"@type":"PropertyValueSpecification","valueRequired":true,"valueName":"search_term_string"}}],"inLanguage":"fi"},{"@type":["Person","Organization"],"@id":"https:\/\/norayrjola.com\/#\/schema\/person\/458a844671fb086e2cb10ed832a53aed","name":"norayrjola","image":{"@type":"ImageObject","inLanguage":"fi","@id":"https:\/\/i0.wp.com\/norayrjola.com\/wp-content\/uploads\/2022\/08\/yksi-1.jpg?fit=1653%2C2339&ssl=1","url":"https:\/\/i0.wp.com\/norayrjola.com\/wp-content\/uploads\/2022\/08\/yksi-1.jpg?fit=1653%2C2339&ssl=1","contentUrl":"https:\/\/i0.wp.com\/norayrjola.com\/wp-content\/uploads\/2022\/08\/yksi-1.jpg?fit=1653%2C2339&ssl=1","width":1653,"height":2339,"caption":"norayrjola"},"logo":{"@id":"https:\/\/i0.wp.com\/norayrjola.com\/wp-content\/uploads\/2022\/08\/yksi-1.jpg?fit=1653%2C2339&ssl=1"},"sameAs":["https:\/\/www.instagram.com\/norayrjola\/","https:\/\/www.linkedin.com\/in\/nora-yrjl-33514221\/"]}]}},"jetpack_sharing_enabled":true,"jetpack_likes_enabled":true,"_links":{"self":[{"href":"https:\/\/norayrjola.com\/fi\/wp-json\/wp\/v2\/pages\/3","targetHints":{"allow":["GET"]}}],"collection":[{"href":"https:\/\/norayrjola.com\/fi\/wp-json\/wp\/v2\/pages"}],"about":[{"href":"https:\/\/norayrjola.com\/fi\/wp-json\/wp\/v2\/types\/page"}],"author":[{"embeddable":true,"href":"https:\/\/norayrjola.com\/fi\/wp-json\/wp\/v2\/users\/1"}],"replies":[{"embeddable":true,"href":"https:\/\/norayrjola.com\/fi\/wp-json\/wp\/v2\/comments?post=3"}],"version-history":[{"count":8,"href":"https:\/\/norayrjola.com\/fi\/wp-json\/wp\/v2\/pages\/3\/revisions"}],"predecessor-version":[{"id":3893,"href":"https:\/\/norayrjola.com\/fi\/wp-json\/wp\/v2\/pages\/3\/revisions\/3893"}],"wp:featuredmedia":[{"embeddable":true,"href":"https:\/\/norayrjola.com\/fi\/wp-json\/wp\/v2\/media\/3919"}],"wp:attachment":[{"href":"https:\/\/norayrjola.com\/fi\/wp-json\/wp\/v2\/media?parent=3"}],"curies":[{"name":"wp","href":"https:\/\/api.w.org\/{rel}","templated":true}]}}