{"id":42,"date":"2021-09-11T11:12:11","date_gmt":"2021-09-11T11:12:11","guid":{"rendered":"https:\/\/nokke.deothemes.com\/?page_id=42"},"modified":"2024-12-13T18:00:59","modified_gmt":"2024-12-13T18:00:59","slug":"contact","status":"publish","type":"page","link":"https:\/\/norayrjola.com\/fi\/contact\/","title":{"rendered":"Ota yhteytt\u00e4"},"content":{"rendered":"<div data-elementor-type=\"wp-page\" data-elementor-id=\"42\" class=\"elementor elementor-42\" data-elementor-post-type=\"page\">\n\t\t\t\t\t\t<section class=\"elementor-section elementor-top-section elementor-element elementor-element-1585192 elementor-section-boxed elementor-section-height-default elementor-section-height-default\" data-id=\"1585192\" data-element_type=\"section\" data-e-type=\"section\" data-settings=\"{&quot;background_background&quot;:&quot;classic&quot;}\">\n\t\t\t\t\t\t\t<div class=\"elementor-background-overlay\"><\/div>\n\t\t\t\t\t\t\t<div class=\"elementor-container elementor-column-gap-default\">\n\t\t\t\t\t<div class=\"elementor-column elementor-col-100 elementor-top-column elementor-element elementor-element-51119f7\" data-id=\"51119f7\" data-element_type=\"column\" data-e-type=\"column\">\n\t\t\t<div class=\"elementor-widget-wrap elementor-element-populated\">\n\t\t\t\t\t\t<section class=\"elementor-section elementor-inner-section elementor-element elementor-element-c81c211 elementor-section-boxed elementor-section-height-default elementor-section-height-default\" data-id=\"c81c211\" data-element_type=\"section\" data-e-type=\"section\">\n\t\t\t\t\t\t<div class=\"elementor-container elementor-column-gap-default\">\n\t\t\t\t\t<div class=\"elementor-column elementor-col-50 elementor-inner-column elementor-element elementor-element-34de835\" data-id=\"34de835\" data-element_type=\"column\" data-e-type=\"column\">\n\t\t\t<div class=\"elementor-widget-wrap elementor-element-populated\">\n\t\t\t\t\t\t<div class=\"elementor-element elementor-element-49fdf36 elementor-invisible elementor-widget elementor-widget-heading\" data-id=\"49fdf36\" data-element_type=\"widget\" data-e-type=\"widget\" data-settings=\"{&quot;_animation&quot;:&quot;fadeInRight&quot;}\" data-widget_type=\"heading.default\">\n\t\t\t\t\t<h1 class=\"elementor-heading-title elementor-size-default\">Ota yhteytt\u00e4<\/h1>\t\t\t\t<\/div>\n\t\t\t\t<div class=\"elementor-element elementor-element-3788029 elementor-widget elementor-widget-text-editor\" data-id=\"3788029\" data-element_type=\"widget\" data-e-type=\"widget\" data-widget_type=\"text-editor.default\">\n\t\t\t\t\t\t\t\t\t<p>\u2014 Rohkeus ei ole polun tuntemista, vaan ensimm\u00e4isen askeleen ottamista<\/p>\t\t\t\t\t\t\t\t<\/div>\n\t\t\t\t\t<\/div>\n\t\t<\/div>\n\t\t\t\t<div class=\"elementor-column elementor-col-50 elementor-inner-column elementor-element elementor-element-87611ff\" data-id=\"87611ff\" data-element_type=\"column\" data-e-type=\"column\">\n\t\t\t<div class=\"elementor-widget-wrap\">\n\t\t\t\t\t\t\t<\/div>\n\t\t<\/div>\n\t\t\t\t\t<\/div>\n\t\t<\/section>\n\t\t\t\t\t<\/div>\n\t\t<\/div>\n\t\t\t\t\t<\/div>\n\t\t<\/section>\n\t\t\t\t<section class=\"elementor-section elementor-top-section elementor-element elementor-element-6da09be elementor-section-boxed elementor-section-height-default elementor-section-height-default\" data-id=\"6da09be\" data-element_type=\"section\" data-e-type=\"section\" data-settings=\"{&quot;background_background&quot;:&quot;classic&quot;}\">\n\t\t\t\t\t\t<div class=\"elementor-container elementor-column-gap-default\">\n\t\t\t\t\t<div class=\"elementor-column elementor-col-100 elementor-top-column elementor-element elementor-element-491fb42\" data-id=\"491fb42\" data-element_type=\"column\" data-e-type=\"column\">\n\t\t\t<div class=\"elementor-widget-wrap elementor-element-populated\">\n\t\t\t\t\t\t<section class=\"elementor-section elementor-inner-section elementor-element elementor-element-2473fe0 elementor-section-boxed elementor-section-height-default elementor-section-height-default\" data-id=\"2473fe0\" data-element_type=\"section\" data-e-type=\"section\">\n\t\t\t\t\t\t<div class=\"elementor-container elementor-column-gap-default\">\n\t\t\t\t\t<div class=\"elementor-column elementor-col-100 elementor-inner-column elementor-element elementor-element-dd2fa16\" data-id=\"dd2fa16\" data-element_type=\"column\" data-e-type=\"column\">\n\t\t\t<div class=\"elementor-widget-wrap elementor-element-populated\">\n\t\t\t\t\t\t<div class=\"elementor-element elementor-element-2167b7b elementor-invisible elementor-widget elementor-widget-heading\" data-id=\"2167b7b\" data-element_type=\"widget\" data-e-type=\"widget\" data-settings=\"{&quot;_animation&quot;:&quot;zoomIn&quot;}\" data-widget_type=\"heading.default\">\n\t\t\t\t\t<h2 class=\"elementor-heading-title elementor-size-default\">Ota Yhteytt\u00e4<\/h2>\t\t\t\t<\/div>\n\t\t\t\t<div class=\"elementor-element elementor-element-b0f5a89 elementor-widget elementor-widget-text-editor\" data-id=\"b0f5a89\" data-element_type=\"widget\" data-e-type=\"widget\" data-widget_type=\"text-editor.default\">\n\t\t\t\t\t\t\t\t\t<p>\u00c4l\u00e4 ep\u00e4r\u00f6i ottaa yhteytt\u00e4. T\u00e4yt\u00e4 t\u00e4m\u00e4 lomake, niin palaan sinuun 24 tunnin sis\u00e4ll\u00e4.\u00a0<\/p>\t\t\t\t\t\t\t\t<\/div>\n\t\t\t\t\t<\/div>\n\t\t<\/div>\n\t\t\t\t\t<\/div>\n\t\t<\/section>\n\t\t\t\t<section class=\"elementor-section elementor-inner-section elementor-element elementor-element-6ba685f elementor-section-boxed elementor-section-height-default elementor-section-height-default\" data-id=\"6ba685f\" data-element_type=\"section\" data-e-type=\"section\">\n\t\t\t\t\t\t<div class=\"elementor-container elementor-column-gap-default\">\n\t\t\t\t\t<div class=\"elementor-column elementor-col-50 elementor-inner-column elementor-element elementor-element-0e8ff5a\" data-id=\"0e8ff5a\" data-element_type=\"column\" data-e-type=\"column\">\n\t\t\t<div class=\"elementor-widget-wrap elementor-element-populated\">\n\t\t\t\t\t\t<div class=\"elementor-element elementor-element-e779a90 elementor-widget elementor-widget-heading\" data-id=\"e779a90\" data-element_type=\"widget\" data-e-type=\"widget\" data-widget_type=\"heading.default\">\n\t\t\t\t\t<h3 class=\"elementor-heading-title elementor-size-default\">Ota yhteytt\u00e4<\/h3>\t\t\t\t<\/div>\n\t\t\t\t<div class=\"elementor-element elementor-element-a9c1d88 elementor-widget elementor-widget-text-editor\" data-id=\"a9c1d88\" data-element_type=\"widget\" data-e-type=\"widget\" data-widget_type=\"text-editor.default\">\n\t\t\t\t\t\t\t\t\t<p>Ma-Pe: 12:00-19:00<\/p>\t\t\t\t\t\t\t\t<\/div>\n\t\t\t\t<div class=\"elementor-element elementor-element-53aa6d0 elementor-view-framed elementor-position-inline-start elementor-shape-circle elementor-mobile-position-block-start elementor-widget elementor-widget-icon-box\" data-id=\"53aa6d0\" data-element_type=\"widget\" data-e-type=\"widget\" data-widget_type=\"icon-box.default\">\n\t\t\t\t\t\t\t<div class=\"elementor-icon-box-wrapper\">\n\n\t\t\t\t\t\t<div class=\"elementor-icon-box-icon\">\n\t\t\t\t<span  class=\"elementor-icon\">\n\t\t\t\t<svg aria-hidden=\"true\" class=\"e-font-icon-svg e-fas-mobile-alt\" viewbox=\"0 0 320 512\" xmlns=\"http:\/\/www.w3.org\/2000\/svg\"><path d=\"M272 0H48C21.5 0 0 21.5 0 48v416c0 26.5 21.5 48 48 48h224c26.5 0 48-21.5 48-48V48c0-26.5-21.5-48-48-48zM160 480c-17.7 0-32-14.3-32-32s14.3-32 32-32 32 14.3 32 32-14.3 32-32 32zm112-108c0 6.6-5.4 12-12 12H60c-6.6 0-12-5.4-12-12V60c0-6.6 5.4-12 12-12h200c6.6 0 12 5.4 12 12v312z\"><\/path><\/svg>\t\t\t\t<\/span>\n\t\t\t<\/div>\n\t\t\t\n\t\t\t\t\t\t<div class=\"elementor-icon-box-content\">\n\n\t\t\t\t\t\t\t\t\t<h3 class=\"elementor-icon-box-title\">\n\t\t\t\t\t\t<span  >\n\t\t\t\t\t\t\tSoita \t\t\t\t\t\t<\/span>\n\t\t\t\t\t<\/h3>\n\t\t\t\t\n\t\t\t\t\t\t\t\t\t<p class=\"elementor-icon-box-description\">\n\t\t\t\t\t\t+55 47 99724 8964 (whatsapp)\t\t\t\t\t<\/p>\n\t\t\t\t\n\t\t\t<\/div>\n\t\t\t\n\t\t<\/div>\n\t\t\t\t\t\t<\/div>\n\t\t\t\t<div class=\"elementor-element elementor-element-2113681 elementor-view-framed elementor-position-inline-start elementor-shape-circle elementor-mobile-position-block-start elementor-widget elementor-widget-icon-box\" data-id=\"2113681\" data-element_type=\"widget\" data-e-type=\"widget\" data-widget_type=\"icon-box.default\">\n\t\t\t\t\t\t\t<div class=\"elementor-icon-box-wrapper\">\n\n\t\t\t\t\t\t<div class=\"elementor-icon-box-icon\">\n\t\t\t\t<span  class=\"elementor-icon\">\n\t\t\t\t<svg aria-hidden=\"true\" class=\"e-font-icon-svg e-fas-envelope-open-text\" viewbox=\"0 0 512 512\" xmlns=\"http:\/\/www.w3.org\/2000\/svg\"><path d=\"M176 216h160c8.84 0 16-7.16 16-16v-16c0-8.84-7.16-16-16-16H176c-8.84 0-16 7.16-16 16v16c0 8.84 7.16 16 16 16zm-16 80c0 8.84 7.16 16 16 16h160c8.84 0 16-7.16 16-16v-16c0-8.84-7.16-16-16-16H176c-8.84 0-16 7.16-16 16v16zm96 121.13c-16.42 0-32.84-5.06-46.86-15.19L0 250.86V464c0 26.51 21.49 48 48 48h416c26.51 0 48-21.49 48-48V250.86L302.86 401.94c-14.02 10.12-30.44 15.19-46.86 15.19zm237.61-254.18c-8.85-6.94-17.24-13.47-29.61-22.81V96c0-26.51-21.49-48-48-48h-77.55c-3.04-2.2-5.87-4.26-9.04-6.56C312.6 29.17 279.2-.35 256 0c-23.2-.35-56.59 29.17-73.41 41.44-3.17 2.3-6 4.36-9.04 6.56H96c-26.51 0-48 21.49-48 48v44.14c-12.37 9.33-20.76 15.87-29.61 22.81A47.995 47.995 0 0 0 0 200.72v10.65l96 69.35V96h320v184.72l96-69.35v-10.65c0-14.74-6.78-28.67-18.39-37.77z\"><\/path><\/svg>\t\t\t\t<\/span>\n\t\t\t<\/div>\n\t\t\t\n\t\t\t\t\t\t<div class=\"elementor-icon-box-content\">\n\n\t\t\t\t\t\t\t\t\t<h3 class=\"elementor-icon-box-title\">\n\t\t\t\t\t\t<span  >\n\t\t\t\t\t\t\tS\u00c4HK\u00d6POSTI\t\t\t\t\t\t<\/span>\n\t\t\t\t\t<\/h3>\n\t\t\t\t\n\t\t\t\t\t\t\t\t\t<p class=\"elementor-icon-box-description\">\n\t\t\t\t\t\tnora@norayrjola.com\t\t\t\t\t<\/p>\n\t\t\t\t\n\t\t\t<\/div>\n\t\t\t\n\t\t<\/div>\n\t\t\t\t\t\t<\/div>\n\t\t\t\t\t<\/div>\n\t\t<\/div>\n\t\t\t\t<div class=\"elementor-column elementor-col-50 elementor-inner-column elementor-element elementor-element-ae000db\" data-id=\"ae000db\" data-element_type=\"column\" data-e-type=\"column\">\n\t\t\t<div class=\"elementor-widget-wrap elementor-element-populated\">\n\t\t\t\t\t\t<div class=\"elementor-element elementor-element-4a4ad72 elementor-widget elementor-widget-shortcode\" data-id=\"4a4ad72\" data-element_type=\"widget\" data-e-type=\"widget\" data-widget_type=\"shortcode.default\">\n\t\t\t\t\t\t\t<div class=\"elementor-shortcode\">\n<div class=\"wpcf7 no-js\" id=\"wpcf7-f788-o1\" lang=\"en-US\" dir=\"ltr\" data-wpcf7-id=\"788\">\n<div class=\"screen-reader-response\"><p role=\"status\" aria-live=\"polite\" aria-atomic=\"true\"><\/p> <ul><\/ul><\/div>\n<form action=\"\/fi\/wp-json\/wp\/v2\/pages\/42#wpcf7-f788-o1\" method=\"post\" class=\"wpcf7-form init\" aria-label=\"Yhteydenottolomake\" novalidate=\"novalidate\" data-status=\"init\" data-trp-original-action=\"\/fi\/wp-json\/wp\/v2\/pages\/42#wpcf7-f788-o1\">\n<fieldset class=\"hidden-fields-container\"><input type=\"hidden\" name=\"_wpcf7\" value=\"788\" \/><input type=\"hidden\" name=\"_wpcf7_version\" value=\"6.1.5\" \/><input type=\"hidden\" name=\"_wpcf7_locale\" value=\"en_US\" \/><input type=\"hidden\" name=\"_wpcf7_unit_tag\" value=\"wpcf7-f788-o1\" \/><input type=\"hidden\" name=\"_wpcf7_container_post\" value=\"0\" \/><input type=\"hidden\" name=\"_wpcf7_posted_data_hash\" value=\"\" \/><input type=\"hidden\" name=\"_wpcf7_recaptcha_response\" value=\"\" \/>\n<\/fieldset>\n<div class=\"eversor-form-fields-wrapper\">\n\t<div class=\"row eversor-field-row\">\n\t\t<div class=\"eversor-field-group eversor-field-type-input col-lg-6\">\n\t\t\t<p><label class=\"eversor-field-label\" for=\"eversor-name-field\">Nimi <abbr>*<\/abbr><\/label>\n\t\t\t<\/p>\n\t\t\t<div class=\"eversor-field\">\n\t\t\t\t<p><span class=\"wpcf7-form-control-wrap\" data-name=\"your-name\"><input size=\"40\" maxlength=\"400\" class=\"wpcf7-form-control wpcf7-text wpcf7-validates-as-required\" id=\"eversor-name-field\" aria-required=\"true\" aria-invalid=\"false\" value=\"\" type=\"text\" name=\"your-name\" \/><\/span>\n\t\t\t\t<\/p>\n\t\t\t<\/div>\n\t\t<\/div>\n\t\t<div class=\"eversor-field-group eversor-field-type-input col-lg-6\">\n\t\t\t<p><label class=\"eversor-field-label\" for=\"eversor-email-field\">s\u00e4hk\u00f6posti <abbr>*<\/abbr><\/label>\n\t\t\t<\/p>\n\t\t\t<div class=\"eversor-field\">\n\t\t\t\t<p><span class=\"wpcf7-form-control-wrap\" data-name=\"your-email\"><input size=\"40\" maxlength=\"400\" class=\"wpcf7-form-control wpcf7-email wpcf7-validates-as-required wpcf7-text wpcf7-validates-as-email\" id=\"eversor-email-field\" aria-required=\"true\" aria-invalid=\"false\" value=\"\" type=\"email\" name=\"your-email\" \/><\/span>\n\t\t\t\t<\/p>\n\t\t\t<\/div>\n\t\t<\/div>\n\t<\/div>\n\t<div class=\"eversor-field-group eversor-field-type-input\">\n\t\t<p><label class=\"eversor-field-label\" for=\"eversor-subject-field\">Aihe<\/label>\n\t\t<\/p>\n\t\t<div class=\"eversor-field\">\n\t\t\t<p><span class=\"wpcf7-form-control-wrap\" data-name=\"your-subject\"><input size=\"40\" maxlength=\"400\" class=\"wpcf7-form-control wpcf7-text wpcf7-validates-as-required\" id=\"eversor-subject-field\" aria-required=\"true\" aria-invalid=\"false\" value=\"\" type=\"text\" name=\"your-subject\" \/><\/span>\n\t\t\t<\/p>\n\t\t<\/div>\n\t<\/div>\n\t<div class=\"eversor-field-group eversor-field-type-textarea\">\n\t\t<p><label class=\"eversor-field-label\" for=\"eversor-message-field\">Viesti<\/label>\n\t\t<\/p>\n\t\t<div class=\"eversor-field\">\n\t\t\t<p><span class=\"wpcf7-form-control-wrap\" data-name=\"your-message\"><textarea cols=\"40\" rows=\"6\" maxlength=\"2000\" class=\"wpcf7-form-control wpcf7-textarea\" id=\"eversor-message-field\" aria-invalid=\"false\" name=\"your-message\"><\/textarea><\/span>\n\t\t\t<\/p>\n\t\t<\/div>\n\t<\/div>\n\t<div class=\"eversor-field-group eversor-field-type-submit\">\n\t\t<div class=\"eversor-field\">\n\t\t\t<p><input class=\"wpcf7-form-control wpcf7-submit has-spinner\" type=\"submit\" value=\"L\u00e4het\u00e4\" \/>\n\t\t\t<\/p>\n\t\t<\/div>\n\t<\/div>\n<\/div><p style=\"display: none !important;\" class=\"akismet-fields-container\" data-prefix=\"_wpcf7_ak_\"><label>\u0394<textarea name=\"_wpcf7_ak_hp_textarea\" cols=\"45\" rows=\"8\" maxlength=\"100\"><\/textarea><\/label><input type=\"hidden\" id=\"ak_js_1\" name=\"_wpcf7_ak_js\" value=\"150\"\/><script>document.getElementById( \"ak_js_1\" ).setAttribute( \"value\", ( new Date() ).getTime() );<\/script><\/p><div class=\"wpcf7-response-output\" aria-hidden=\"true\"><\/div>\n<input type=\"hidden\" name=\"trp-form-language\" value=\"fi\"\/><\/form>\n<\/div>\n<\/div>\n\t\t\t\t\t\t<\/div>\n\t\t\t\t\t<\/div>\n\t\t<\/div>\n\t\t\t\t\t<\/div>\n\t\t<\/section>\n\t\t\t\t\t<\/div>\n\t\t<\/div>\n\t\t\t\t\t<\/div>\n\t\t<\/section>\n\t\t\t\t<\/div>","protected":false},"excerpt":{"rendered":"<p>Yhteystiedot \u2014 Rohkeus ei ole polun tuntemista, vaan ensimm\u00e4isen askeleen ottamista. Ota yhteytt\u00e4. Ota rohkeasti yhteytt\u00e4. T\u00e4yt\u00e4 t\u00e4m\u00e4 lomake, niin otan sinuun yhteytt\u00e4 24 tunnin kuluessa. Ota yhteytt\u00e4. Ma-pe: 13-19 (CET), 7-14 (BRT), 8.00-15.00 (EET). Soita numeroon +55 47 99724 8964 (whatsapp). S\u00e4hk\u00f6posti: nora@norayrjola.com<\/p>","protected":false},"author":1,"featured_media":0,"parent":0,"menu_order":0,"comment_status":"closed","ping_status":"closed","template":"","meta":{"nf_dc_page":"","om_disable_all_campaigns":false,"_monsterinsights_skip_tracking":false,"_monsterinsights_sitenote_active":false,"_monsterinsights_sitenote_note":"","_monsterinsights_sitenote_category":0,"footnotes":""},"class_list":["post-42","page","type-page","status-publish","hentry"],"yoast_head":"<!-- This site is optimized with the Yoast SEO plugin v27.3 - https:\/\/yoast.com\/product\/yoast-seo-wordpress\/ -->\n<title>Contact - The Art of Living By Nora Yrj\u00f6l\u00e4<\/title>\n<meta name=\"robots\" content=\"index, follow, max-snippet:-1, max-image-preview:large, max-video-preview:-1\" \/>\n<link rel=\"canonical\" href=\"https:\/\/norayrjola.com\/fi\/contact\/\" \/>\n<meta property=\"og:locale\" content=\"fi_FI\" \/>\n<meta property=\"og:type\" content=\"article\" \/>\n<meta property=\"og:title\" content=\"Contact - The Art of Living By Nora Yrj\u00f6l\u00e4\" \/>\n<meta property=\"og:description\" content=\"Contact \u2014 Courage isn&#8217;t about knowing the path, it&#8217;s about taking the first step Get in Touch Don&#8217;t hesitate to get in touch. Please fill out this form and I&#8217;ll get back to you within 24hrs.\u00a0 Get In Touch Mon-Fri: 13-19 (CET), 7-14 (BRT), 8am-3pm (EET) Call +55 47 99724 8964 (whatsapp) e-mail nora@norayrjola.com\" \/>\n<meta property=\"og:url\" content=\"https:\/\/norayrjola.com\/fi\/contact\/\" \/>\n<meta property=\"og:site_name\" content=\"The Art of Living By Nora Yrj\u00f6l\u00e4\" \/>\n<meta property=\"article:modified_time\" content=\"2024-12-13T18:00:59+00:00\" \/>\n<meta name=\"twitter:card\" content=\"summary_large_image\" \/>\n<meta name=\"twitter:label1\" content=\"Arvioitu lukuaika\" \/>\n\t<meta name=\"twitter:data1\" content=\"1 minuutti\" \/>\n<script type=\"application\/ld+json\" class=\"yoast-schema-graph\">{\"@context\":\"https:\\\/\\\/schema.org\",\"@graph\":[{\"@type\":\"WebPage\",\"@id\":\"https:\\\/\\\/norayrjola.com\\\/contact\\\/\",\"url\":\"https:\\\/\\\/norayrjola.com\\\/contact\\\/\",\"name\":\"Contact - The Art of Living By Nora Yrj\u00f6l\u00e4\",\"isPartOf\":{\"@id\":\"https:\\\/\\\/norayrjola.com\\\/#website\"},\"datePublished\":\"2021-09-11T11:12:11+00:00\",\"dateModified\":\"2024-12-13T18:00:59+00:00\",\"breadcrumb\":{\"@id\":\"https:\\\/\\\/norayrjola.com\\\/contact\\\/#breadcrumb\"},\"inLanguage\":\"fi\",\"potentialAction\":[{\"@type\":\"ReadAction\",\"target\":[\"https:\\\/\\\/norayrjola.com\\\/contact\\\/\"]}]},{\"@type\":\"BreadcrumbList\",\"@id\":\"https:\\\/\\\/norayrjola.com\\\/contact\\\/#breadcrumb\",\"itemListElement\":[{\"@type\":\"ListItem\",\"position\":1,\"name\":\"Home\",\"item\":\"https:\\\/\\\/norayrjola.com\\\/\"},{\"@type\":\"ListItem\",\"position\":2,\"name\":\"Contact\"}]},{\"@type\":\"WebSite\",\"@id\":\"https:\\\/\\\/norayrjola.com\\\/#website\",\"url\":\"https:\\\/\\\/norayrjola.com\\\/\",\"name\":\"The Art of Living By Nora Yrj\u00f6l\u00e4\",\"description\":\"Life Coaching\",\"publisher\":{\"@id\":\"https:\\\/\\\/norayrjola.com\\\/#\\\/schema\\\/person\\\/458a844671fb086e2cb10ed832a53aed\"},\"potentialAction\":[{\"@type\":\"SearchAction\",\"target\":{\"@type\":\"EntryPoint\",\"urlTemplate\":\"https:\\\/\\\/norayrjola.com\\\/?s={search_term_string}\"},\"query-input\":{\"@type\":\"PropertyValueSpecification\",\"valueRequired\":true,\"valueName\":\"search_term_string\"}}],\"inLanguage\":\"fi\"},{\"@type\":[\"Person\",\"Organization\"],\"@id\":\"https:\\\/\\\/norayrjola.com\\\/#\\\/schema\\\/person\\\/458a844671fb086e2cb10ed832a53aed\",\"name\":\"norayrjola\",\"image\":{\"@type\":\"ImageObject\",\"inLanguage\":\"fi\",\"@id\":\"https:\\\/\\\/i0.wp.com\\\/norayrjola.com\\\/wp-content\\\/uploads\\\/2022\\\/08\\\/yksi-1.jpg?fit=1653%2C2339&ssl=1\",\"url\":\"https:\\\/\\\/i0.wp.com\\\/norayrjola.com\\\/wp-content\\\/uploads\\\/2022\\\/08\\\/yksi-1.jpg?fit=1653%2C2339&ssl=1\",\"contentUrl\":\"https:\\\/\\\/i0.wp.com\\\/norayrjola.com\\\/wp-content\\\/uploads\\\/2022\\\/08\\\/yksi-1.jpg?fit=1653%2C2339&ssl=1\",\"width\":1653,\"height\":2339,\"caption\":\"norayrjola\"},\"logo\":{\"@id\":\"https:\\\/\\\/i0.wp.com\\\/norayrjola.com\\\/wp-content\\\/uploads\\\/2022\\\/08\\\/yksi-1.jpg?fit=1653%2C2339&ssl=1\"},\"sameAs\":[\"https:\\\/\\\/www.instagram.com\\\/norayrjola\\\/\",\"https:\\\/\\\/www.linkedin.com\\\/in\\\/nora-yrjl-33514221\\\/\"]}]}<\/script>\n<!-- \/ Yoast SEO plugin. -->","yoast_head_json":{"title":"Yhteystiedot - El\u00e4m\u00e4n taito, kirjoittanut Nora Yrj\u00f6l\u00e4","robots":{"index":"index","follow":"follow","max-snippet":"max-snippet:-1","max-image-preview":"max-image-preview:large","max-video-preview":"max-video-preview:-1"},"canonical":"https:\/\/norayrjola.com\/fi\/contact\/","og_locale":"fi_FI","og_type":"article","og_title":"Contact - The Art of Living By Nora Yrj\u00f6l\u00e4","og_description":"Contact \u2014 Courage isn&#8217;t about knowing the path, it&#8217;s about taking the first step Get in Touch Don&#8217;t hesitate to get in touch. Please fill out this form and I&#8217;ll get back to you within 24hrs.\u00a0 Get In Touch Mon-Fri: 13-19 (CET), 7-14 (BRT), 8am-3pm (EET) Call +55 47 99724 8964 (whatsapp) e-mail nora@norayrjola.com","og_url":"https:\/\/norayrjola.com\/fi\/contact\/","og_site_name":"The Art of Living By Nora Yrj\u00f6l\u00e4","article_modified_time":"2024-12-13T18:00:59+00:00","twitter_card":"summary_large_image","twitter_misc":{"Arvioitu lukuaika":"1 minuutti"},"schema":{"@context":"https:\/\/schema.org","@graph":[{"@type":"WebPage","@id":"https:\/\/norayrjola.com\/contact\/","url":"https:\/\/norayrjola.com\/contact\/","name":"Yhteystiedot - El\u00e4m\u00e4n taito, kirjoittanut Nora Yrj\u00f6l\u00e4","isPartOf":{"@id":"https:\/\/norayrjola.com\/#website"},"datePublished":"2021-09-11T11:12:11+00:00","dateModified":"2024-12-13T18:00:59+00:00","breadcrumb":{"@id":"https:\/\/norayrjola.com\/contact\/#breadcrumb"},"inLanguage":"fi","potentialAction":[{"@type":"ReadAction","target":["https:\/\/norayrjola.com\/contact\/"]}]},{"@type":"BreadcrumbList","@id":"https:\/\/norayrjola.com\/contact\/#breadcrumb","itemListElement":[{"@type":"ListItem","position":1,"name":"Home","item":"https:\/\/norayrjola.com\/"},{"@type":"ListItem","position":2,"name":"Contact"}]},{"@type":"WebSite","@id":"https:\/\/norayrjola.com\/#website","url":"https:\/\/norayrjola.com\/","name":"El\u00e4misen taito, Nora Yrj\u00f6l\u00e4","description":"Life Coaching","publisher":{"@id":"https:\/\/norayrjola.com\/#\/schema\/person\/458a844671fb086e2cb10ed832a53aed"},"potentialAction":[{"@type":"SearchAction","target":{"@type":"EntryPoint","urlTemplate":"https:\/\/norayrjola.com\/?s={search_term_string}"},"query-input":{"@type":"PropertyValueSpecification","valueRequired":true,"valueName":"search_term_string"}}],"inLanguage":"fi"},{"@type":["Person","Organization"],"@id":"https:\/\/norayrjola.com\/#\/schema\/person\/458a844671fb086e2cb10ed832a53aed","name":"norayrjola","image":{"@type":"ImageObject","inLanguage":"fi","@id":"https:\/\/i0.wp.com\/norayrjola.com\/wp-content\/uploads\/2022\/08\/yksi-1.jpg?fit=1653%2C2339&ssl=1","url":"https:\/\/i0.wp.com\/norayrjola.com\/wp-content\/uploads\/2022\/08\/yksi-1.jpg?fit=1653%2C2339&ssl=1","contentUrl":"https:\/\/i0.wp.com\/norayrjola.com\/wp-content\/uploads\/2022\/08\/yksi-1.jpg?fit=1653%2C2339&ssl=1","width":1653,"height":2339,"caption":"norayrjola"},"logo":{"@id":"https:\/\/i0.wp.com\/norayrjola.com\/wp-content\/uploads\/2022\/08\/yksi-1.jpg?fit=1653%2C2339&ssl=1"},"sameAs":["https:\/\/www.instagram.com\/norayrjola\/","https:\/\/www.linkedin.com\/in\/nora-yrjl-33514221\/"]}]}},"jetpack_sharing_enabled":true,"jetpack_likes_enabled":true,"_links":{"self":[{"href":"https:\/\/norayrjola.com\/fi\/wp-json\/wp\/v2\/pages\/42","targetHints":{"allow":["GET"]}}],"collection":[{"href":"https:\/\/norayrjola.com\/fi\/wp-json\/wp\/v2\/pages"}],"about":[{"href":"https:\/\/norayrjola.com\/fi\/wp-json\/wp\/v2\/types\/page"}],"author":[{"embeddable":true,"href":"https:\/\/norayrjola.com\/fi\/wp-json\/wp\/v2\/users\/1"}],"replies":[{"embeddable":true,"href":"https:\/\/norayrjola.com\/fi\/wp-json\/wp\/v2\/comments?post=42"}],"version-history":[{"count":20,"href":"https:\/\/norayrjola.com\/fi\/wp-json\/wp\/v2\/pages\/42\/revisions"}],"predecessor-version":[{"id":3762,"href":"https:\/\/norayrjola.com\/fi\/wp-json\/wp\/v2\/pages\/42\/revisions\/3762"}],"wp:attachment":[{"href":"https:\/\/norayrjola.com\/fi\/wp-json\/wp\/v2\/media?parent=42"}],"curies":[{"name":"wp","href":"https:\/\/api.w.org\/{rel}","templated":true}]}}